{"id":980,"date":"2021-09-16T10:15:55","date_gmt":"2021-09-16T10:15:55","guid":{"rendered":"https:\/\/www.stepman.is\/outdoor-geschaefte-in-reykjavik\/"},"modified":"2023-10-27T19:34:53","modified_gmt":"2023-10-27T19:34:53","slug":"outdoor-geschaefte-in-reykjavik","status":"publish","type":"page","link":"https:\/\/www.stepman.is\/de\/outdoor-geschaefte-in-reykjavik\/","title":{"rendered":"Outdoor-Gesch\u00e4fte in Reykjav\u00edk und rund um Iceland"},"content":{"rendered":"\n<p>Regenkleidung oder andere Ausr\u00fcstung daheimgeblieben? Schuhe in der rauhen isl\u00e4ndischen Natur kaputtgegangen? Oder Bedarf an einem zus\u00e4tzlichen Paar Handschuhe?<br><br>In Reykjav\u00edk und Umgebung gibt es eine Reihe von Outdoor-Gesch\u00e4ften, die eine gro\u00dfe Auswahl an Bekleidung, Schuhen, Rucks\u00e4cken und allem anderen bieten was man so braucht:<\/p>\n\n\n\n<ul class=\"wp-block-list\">\n<li>Fjallakofinn ( <a href=\"https:\/\/fjallakofinn.is\">www.fjallakofinn.is<\/a> | <a href=\"https:\/\/g.page\/fjallakofinn123?share\">Hallarm\u00fali 2, 108 Reykjav\u00edk<\/a> )<\/li>\n\n\n\n<li>GG Sports ( <a href=\"http:\/\/www.ggsport.is\">www.ggsport.is<\/a> | <a href=\"https:\/\/goo.gl\/maps\/wyJuWEgqXPAGnGNVA\">Smi\u00f0juvegur 8, 200 K\u00f3pavogur<\/a> ) <\/li>\n\n\n\n<li>Everest ( <a href=\"http:\/\/www.everest.is\">www.everest.is<\/a> | <a href=\"https:\/\/goo.gl\/maps\/tgeJQ9GUjdTBDNzW9\">Skeifan 6, 108 Reykjav\u00edk<\/a> )<\/li>\n\n\n\n<li>Ellingsen ( <a href=\"http:\/\/www.ellingsen.is\">www.ellingsen.is<\/a> | <a href=\"https:\/\/goo.gl\/maps\/msc315B1dfpiaWD28\">Grandi, Fiskisl\u00f3\u00f0 1, 101 Reykjav\u00edk<\/a> )<\/li>\n\n\n\n<li>Alpanir ( <a href=\"http:\/\/www.alparnir.is\">www.alpanir.is<\/a> | <a href=\"https:\/\/goo.gl\/maps\/mzfc1b2tyrNDqdT98\">Faxafen 12, 108 Reykjav\u00edk<\/a> )<\/li>\n\n\n\n<li>\u00datil\u00edf ( <a href=\"https:\/\/www.utilif.is\/omni\/stores\">www.utilif.is<\/a> | <a href=\"https:\/\/goo.gl\/maps\/ASoZs4Zmm81bGJnc9\">Hagasm\u00e1ri 1, 201 K\u00f3pavogur<\/a> | <a href=\"https:\/\/goo.gl\/maps\/xHphmRA9qxixrNcu8\">Kringlan, 103 Reykjav\u00edk<\/a> )<\/li>\n\n\n\n<li>Sports Direct (<a href=\"https:\/\/www.sportsdirect.com\/lindir-is-store-0560\">www.sportsdirect.com<\/a> | <a href=\"https:\/\/goo.gl\/maps\/o5a8RBopERUrcS1b9\">Sk\u00f3garlind, 201 K\u00f3pavogur<\/a> )<\/li>\n<\/ul>\n\n\n\n<p>Nat\u00fcrlich gibt es auch einige Isl\u00e4ndische Outdoor-Marken mit eigenen Gesch\u00e4ften, zum Beispiel:<\/p>\n\n\n\n<ul class=\"wp-block-list\">\n<li>66\u00ba North ( <a href=\"https:\/\/www.66north.com\">www.<\/a><a href=\"https:\/\/www.66north.com\/is\/verslanir\">66north.com<\/a> | Adressen etwas weiter unten auf der Seite )<\/li>\n\n\n\n<li>Icewear ( <a href=\"https:\/\/www.icewear.is\/en\/store\/\">www.icewear.is<\/a> )<\/li>\n\n\n\n<li>Cintamani ( <a href=\"https:\/\/www.cintamani.is\/um-okkur\/verslanir\/\">www.cintamani.is<\/a> )<\/li>\n<\/ul>\n\n\n\n<p>F\u00fcr robuste Regenkleidung kann man auch zu den Baum\u00e4rkten gehen. Dort findet Ihr oft eine gute Auswahl an Regenoveralls und Gummistiefeln, mit denen man auch im in Island typisch waagrecht daherkommenden Starkregen trocken bleibt. Baum\u00e4rkte gibt es in vielen gr\u00f6\u00dferen St\u00e4dten rund um Island, also sollte meistens einer auf der Strecke liegen.<\/p>\n\n\n\n<ul class=\"wp-block-list\">\n<li>Byko ( <a href=\"https:\/\/byko.is\">www.byko.is<\/a> | im Men\u00fc &#8220;Verslanir&#8221; ausw\u00e4hlen, um eine Liste der Niederlassungen zu bekommen )<\/li>\n\n\n\n<li>H\u00fasasmi\u00f0jan ( <a href=\"https:\/\/www.husa.is\/upplysingar\/afgreidslutimi\/\">www.husa.is<\/a> )<\/li>\n<\/ul>\n\n\n\n<p><\/p>\n","protected":false},"excerpt":{"rendered":"<p>Regenkleidung oder andere Ausr\u00fcstung daheimgeblieben? Schuhe in der rauhen isl\u00e4ndischen Natur kaputtgegangen? Oder Bedarf an einem zus\u00e4tzlichen Paar Handschuhe? In Reykjav\u00edk und Umgebung gibt es eine Reihe von Outdoor-Gesch\u00e4ften, die eine gro\u00dfe Auswahl an Bekleidung, Schuhen, Rucks\u00e4cken und allem anderen bieten was man so braucht: Nat\u00fcrlich gibt es auch einige Isl\u00e4ndische Outdoor-Marken mit eigenen Gesch\u00e4ften, [&hellip;]<\/p>\n","protected":false},"author":1,"featured_media":0,"parent":0,"menu_order":0,"comment_status":"closed","ping_status":"closed","template":"","meta":{"footnotes":""},"class_list":["post-980","page","type-page","status-publish","hentry"],"jetpack_sharing_enabled":true,"_links":{"self":[{"href":"https:\/\/www.stepman.is\/de\/wp-json\/wp\/v2\/pages\/980","targetHints":{"allow":["GET"]}}],"collection":[{"href":"https:\/\/www.stepman.is\/de\/wp-json\/wp\/v2\/pages"}],"about":[{"href":"https:\/\/www.stepman.is\/de\/wp-json\/wp\/v2\/types\/page"}],"author":[{"embeddable":true,"href":"https:\/\/www.stepman.is\/de\/wp-json\/wp\/v2\/users\/1"}],"replies":[{"embeddable":true,"href":"https:\/\/www.stepman.is\/de\/wp-json\/wp\/v2\/comments?post=980"}],"version-history":[{"count":1,"href":"https:\/\/www.stepman.is\/de\/wp-json\/wp\/v2\/pages\/980\/revisions"}],"predecessor-version":[{"id":2469,"href":"https:\/\/www.stepman.is\/de\/wp-json\/wp\/v2\/pages\/980\/revisions\/2469"}],"wp:attachment":[{"href":"https:\/\/www.stepman.is\/de\/wp-json\/wp\/v2\/media?parent=980"}],"curies":[{"name":"wp","href":"https:\/\/api.w.org\/{rel}","templated":true}]}}