{"id":2885,"date":"2022-02-20T20:17:28","date_gmt":"2022-02-20T20:17:28","guid":{"rendered":"https:\/\/www.stepman.is\/tours\/halbtaegige-eishoehlentour\/"},"modified":"2023-11-25T20:36:57","modified_gmt":"2023-11-25T20:36:57","slug":"half-day-ice-cave-tour","status":"publish","type":"product","link":"https:\/\/www.stepman.is\/de\/tours\/half-day-ice-cave-tour\/","title":{"rendered":"Halbt\u00e4gige Eish\u00f6hlentour"},"content":{"rendered":"<h2>ABLAUF<\/h2>\n<p>Alle Aspekte dieser privaten Tour sind nat\u00fcrlich ausgesprochen flexibel und k\u00f6nnen so angepasst werden, wie sie am Besten zu Deinen Pl\u00e4nen und Vorstellungen passen. Als Beispiel k\u00f6nnte folgender Ablauf dienen, der recht typisch ist f\u00fcr meine Touren und uns zu einer der aktuell besten Eish\u00f6hlen der Region bringt:<\/p>\n<ul class=\"circle\">\n<li>Treffpunkt f\u00fcr die Tour ist am J\u00f6kuls\u00e1rl\u00f3n zur gew\u00fcnschten Uhrzeit &#8211; gehen wir mal von 9:00 aus.<\/li>\n<li>Mit dem Superjeep fahren wir etwa 40 Minuten \u00fcber rauhen Pisten und durch eindrucksvolle Landschaften.<\/li>\n<li>Anschlie\u00dfend bereiten wir unsere Ausr\u00fcstung vor und machen uns auf den Weg zur Eish\u00f6hle. Die Wanderung zur Eish\u00f6hle dauert etwa 30 Minuten, \u00fcber Schotter und grobes Ger\u00f6ll aber weitgehend eben.<\/li>\n<li>Ankunft am Eingang zur Eish\u00f6hle um etwa 10:20. In der Eish\u00f6hle haben wir so viel Zeit wie Du willst um sie ausgiebig zu erkunden und zu fotografieren! \u00dcblicherweise verbringen wir etwa eine gute Stunde in der H\u00f6hle &#8211; aber das bleibt nat\u00fcrlich Euch \u00fcberlassen.<\/li>\n<li>Schlie\u00dflich machen wir uns auf den R\u00fcckweg, und kehren um etwa 13:00 zum J\u00f6kuls\u00e1rl\u00f3n zur\u00fcck.<\/li>\n<\/ul>\n<h2>WAS IST INBEGRIFFEN?<\/h2>\n<ul class=\"circle\">\n<li>Treffpunkt am J\u00f6kuls\u00e1rl\u00f3n<\/li>\n<li>Superjeep Transport<\/li>\n<li>Alle Gletscher- \/ Eish\u00f6hlen-spezifische Ausr\u00fcstung \/ Sicherheitsequipment (Helm, und je nach Gegebenheiten Klettergurt, Steigeisen, Microspikes und\/oder Pickel)<\/li>\n<li>F\u00fchrung durch einen AIMG gepr\u00fcften Gletscher- und Bergf\u00fchrer und ausgebildeten Berufsfotografen<\/li>\n<\/ul>\n<h2>EMPFOHLENE AUSR\u00dcSTUNG<\/h2>\n<ul class=\"circle\">\n<li>Hochwertige <a href=\"https:\/\/www.stepman.is\/what-to-wear\/\">Outdoor-Bekleidung<\/a> (ideal im &#8220;Zwiebelprinzip&#8221; mit mehreren Schichten und wind- und wasserdichter Aussenbekleidung); Handschuhe und Beanie oder M\u00fctze.<\/li>\n<li>Solide Wanderschuhe sind ausgesprochen wichtig um die Steigeisen sicher benutzen zu k\u00f6nnen. Sie m\u00fcssen mindestens kn\u00f6chelhoch sein und somit gut gegen seitliches Umknicken sch\u00fctzen. Halbsteife Sohlen sind ideal.<\/li>\n<li>Es lohnt sich, eine zus\u00e4tzliche Bekleidungsschicht mitzunehmen, die wir anziehen k\u00f6nnen wenn wir stehenbleiben und die Eish\u00f6hlen oder andere Gletscherformationen erkunden.<\/li>\n<li>Sonnen- oder Schibrille als Augenschutz. Bei st\u00e4rkerem Wind werden vermehrt Staub- oder Eispartikel aufgeweht und k\u00f6nnen ausgesprochen unangenehm sein.<\/li>\n<li>Snacks f\u00fcr die Dauer der Tour; bei kalten Bedingungen ist eine Thermoskanne zB. mit Tee auch empfehlenswert.<\/li>\n<li>Eine Kamera \ud83d\ude42 Ein Stativ kann gerade in den dunkleren Ecken der Eish\u00f6hle sehr hilfreich sein! (allerdings gelingen selbst mit modernen Mobiltelefonen fantastische Aufnahmen, und man sollte bedenken dass wir alle Ausr\u00fcstung w\u00e4hrend der gesamten Tour tragen m\u00fcssen&#8230;)<\/li>\n<\/ul>\n","protected":false},"excerpt":{"rendered":"<h2>Ein einfaches, familienfreundliches Abenteuer.<\/h2>\n<p>Erforsche die fantastische Welt unterhalb der Gletscher! Jeden Winter entdecken wir neue Eish\u00f6hlen, und erleben wie sich die Locations der letzten Jahre ver\u00e4ndert haben. Diese halbt\u00e4gige Exkursion ist ideal f\u00fcr Reisende mit einem knappen Zeitplan und alle, die eine einfache bis m\u00e4\u00dfig anstrengende Tour bevorzugen. Wie auch bei der <a href=\"https:\/\/www.stepman.is\/tours\/full-day-ice-cave-tour\/\">ganzt\u00e4gigen Tour<\/a> erlaubt die extrem flexible Zeitgestaltung eine perfekte Abstimmung mit allen weiteren Reisepl\u00e4nen.<\/p>\n<p>\u26a0\ufe0f Falls der Kalender den gew\u00fcnschten Tag als nicht verf\u00fcgbar anzeigt, oder an einem scheinbar offenen Tag keine Uhrzeit w\u00e4hlbar ist, bitte <a href=\"mailto:step@stepman.is\">schickt mir eineemail<\/a> &#8212; manche Tage sind f\u00fcr generelle Buchungen blockiert, aber k\u00f6nnten unter Umst\u00e4nden vie email gebucht werden.<\/p>\n","protected":false},"featured_media":2724,"comment_status":"closed","ping_status":"closed","template":"","meta":[],"product_brand":[],"product_cat":[97],"product_tag":[81,82,83,84,86],"class_list":{"0":"post-2885","1":"product","2":"type-product","3":"status-publish","4":"has-post-thumbnail","6":"product_cat-gletscher","7":"product_tag-einfach","8":"product_tag-eishoehle","9":"product_tag-familienfreundlich","10":"product_tag-gletscher","11":"product_tag-winter-de","13":"first","14":"instock","15":"sold-individually","16":"taxable","17":"shipping-taxable","18":"purchasable","19":"product-type-booking"},"booking_location":"","booking_location_type":"","booking_duration":30,"booking_duration_unit":"minute","booking_buffer":0,"booking_cost":0,"booking_resources":[2745],"exclude_global_add_ons":[],"addons":[],"jetpack_sharing_enabled":true,"_links":{"self":[{"href":"https:\/\/www.stepman.is\/de\/wp-json\/wp\/v2\/product\/2885","targetHints":{"allow":["GET"]}}],"collection":[{"href":"https:\/\/www.stepman.is\/de\/wp-json\/wp\/v2\/product"}],"about":[{"href":"https:\/\/www.stepman.is\/de\/wp-json\/wp\/v2\/types\/product"}],"replies":[{"embeddable":true,"href":"https:\/\/www.stepman.is\/de\/wp-json\/wp\/v2\/comments?post=2885"}],"wp:featuredmedia":[{"embeddable":true,"href":"https:\/\/www.stepman.is\/de\/wp-json\/wp\/v2\/media\/2724"}],"wp:attachment":[{"href":"https:\/\/www.stepman.is\/de\/wp-json\/wp\/v2\/media?parent=2885"}],"wp:term":[{"taxonomy":"product_brand","embeddable":true,"href":"https:\/\/www.stepman.is\/de\/wp-json\/wp\/v2\/product_brand?post=2885"},{"taxonomy":"product_cat","embeddable":true,"href":"https:\/\/www.stepman.is\/de\/wp-json\/wp\/v2\/product_cat?post=2885"},{"taxonomy":"product_tag","embeddable":true,"href":"https:\/\/www.stepman.is\/de\/wp-json\/wp\/v2\/product_tag?post=2885"}],"curies":[{"name":"wp","href":"https:\/\/api.w.org\/{rel}","templated":true}]}}