{"id":3077,"date":"2022-04-16T20:32:47","date_gmt":"2022-04-16T20:32:47","guid":{"rendered":"https:\/\/www.stepman.is\/tours\/ganztaegige-eiskletter-tour\/"},"modified":"2022-04-16T20:32:47","modified_gmt":"2022-04-16T20:32:47","slug":"ganztaegige-eiskletter-tour","status":"publish","type":"product","link":"https:\/\/www.stepman.is\/de\/tours\/ganztaegige-eiskletter-tour\/","title":{"rendered":"Ganzt\u00e4gige Eiskletter-Tour"},"content":{"rendered":"<h2>ABLAUF<\/h2>\n<p>Alle Aspekte dieser privaten Tour sind nat\u00fcrlich ausgesprochen flexibel und k\u00f6nnen so angepasst werden, wie sie am Besten zu Deinen Pl\u00e4nen und Vorstellungen passen. Unser bevorzugter Gletscher f\u00fcr Eisklettertouren ist der Brei\u00f0amerkurj\u00f6kull mit seinen vielen Gletscherm\u00fchlen, die uns eine gro\u00dfe Auswahl an M\u00f6glichkeiten bieten. Auf Anfrage sind aber nat\u00fcrlich auch viele andere Locations m\u00f6glich.<\/p>\n<ul class=\"circle\">\n<li>Wir treffen uns um 9:30 am J\u00f6kuls\u00e1rl\u00f3n (fr\u00fchere oder sp\u00e4tere Zeiten sind aber auch kein Probem &#8211; falls ein anderer Termin besser passt, einfach bei der Buchung anmerken!)<\/li>\n<li>Mit dem Superjeep fahren wir etwa 40 Minuten \u00fcber rauhen Pisten und durch eindrucksvolle Landschaften.<\/li>\n<li>Dann bereiten wir uns und unsere Ausr\u00fcstung vor und machen uns auf den Weg zum Gletscher. Die Wanderung f\u00fchrt haupts\u00e4chlich \u00fcber Fels und Ger\u00f6ll und dauert etwa eine halbe Stunde.<\/li>\n<li>An der Gletscherfront ziehen wir unsere Steigeisen an und \u00fcberqueren den Gletscher zu einer geeigneten Location (dauert \u00fcblicherweise um die 20-30 Minuten).<\/li>\n<li>Dort angekommen, bauen wir gemeinsam einen Toprope-Stand, der als zentraler Ankerpunkt f\u00fcr unse Klettern dienen wird.<\/li>\n<li>Idealerweise w\u00e4hlen wir einen Standort, der uns sowohl eine etwas einfachere Route f\u00fcr Einsteiger und zum &#8220;Aufw\u00e4rmen&#8221; f\u00fcr Fortgeschrittene bietet, als auch dann einen einfachen Umstieg auf schwierigere Routen erlaubt.<\/li>\n<li>Dann klettern wir so lange die Motivation und Kraft reichen. Jeder von uns sollte zumindest 3-4 Routen klettern, abh\u00e4ngig nat\u00fcrlich auch von der L\u00e4nge und Schwierigkeitsgrad.<\/li>\n<li>Letztlich kommt der Zeitpunkt f\u00fcr die R\u00fcckkehr, und wir beginnen unser Equipment wieder abzubauen. Dann machen wir uns auf den R\u00fcckweg, und kommen schlie\u00dflich um etwa 16:00 wieder zur\u00fcck an den J\u00f6kuls\u00e1rl\u00f3n, f\u00fcr eine Gesamtdauer von etwa 6.5-7 Stunden.<\/li>\n<\/ul>\n<p>Insgesamt diktieren nat\u00fcrlich immer das Wetter und die Verh\u00e4ltnisse vor Ort unsere Optionen, genauso wie die sehr variable Tagesl\u00e4nge.<\/p>\n<h2>WAS IST INBEGRIFFEN?<\/h2>\n<ul class=\"circle\">\n<li>Treffpunkt am J\u00f6kuls\u00e1rl\u00f3n oder Abholung von Deiner Unterkunft in der Region<\/li>\n<li>Superjeep Transport<\/li>\n<li>Alle Ausr\u00fcstung f\u00fcr das Eisklettern (Helm, Klettergurt, Steigeisen, Eisger\u00e4te)<\/li>\n<li>F\u00fchrung und Instruktion durch einen AIMG gepr\u00fcften Gletscherf\u00fchrer und Berufsfotografen<\/li>\n<\/ul>\n<h2>EMPFOHLENE AUSR\u00dcSTUNG<\/h2>\n<p>&nbsp;<\/p>\n<ul>\n<li>Hochwertige Outdoor-Bekleidung (&#8220;Zwiebelprinzip&#8221; ausmehreren Schichten und wind- und wasserdichte Au\u00dfenbekleidung)<\/li>\n<li>Steigeisenfeste Bergschuhe der <a href=\"https:\/\/www.ellis-brigham.com\/mountaineering\/mountaineering-boot-buying-guide\">Kategorie B2 oder B3<\/a>. Je steifer die Sohle, desto besser. <strong>Ich habe aktuell keine Schuhe zu verleihen.<\/strong><\/li>\n<li>Handschuhe \u2013 nicht zu dick, sonst wird es schwierig die Eisger\u00e4te gut zu halten. Im Winter kann es von Vorteil sein, f\u00fcr die Kletterpausen auch ein zweites, dickeres Paar mitzubringen.<\/li>\n<li>Auch eine zus\u00e4tzliche Bekleidungsschicht ist gut f\u00fcr die Kletterpausen.<\/li>\n<li>Sonnen- oder Schibrillen oder eine andere Form von Augenschutz (beim Eisklettern k\u00f6nnen oft Splitter von Eis entstehen).<\/li>\n<li>Snacks f\u00fcr den gesamten Tag; optimal ist auch eine Thermoskanne mit Tee oder anderem Hei\u00dfgetr\u00e4nk.<\/li>\n<li>Eine Kamera, um sich gegenseitig beim Klettern zu fotografieren!<\/li>\n<\/ul>\n<h2>ERFAHRENE KLETTERER<\/h2>\n<p>Wenn Ihr wollt, k\u00f6nnt Ihr nat\u00fcrlich gerne Euer eigenes Equipment mitnehmen. Wir klettern \u00fcblicherweise Toprope, weil der Zugang meist ohnehin von oben ist, und in tieferen Gletscherm\u00fchlen k\u00f6nnen wir mit einer Seill\u00e4nge mitunter nicht einmal den Boden erreichen! Vorstieg oder Mehrseill\u00e4ngen are eine Rarit\u00e4t auf dem Gletscher, aber k\u00f6nnten m\u00f6glich sein. Wenn Ihr ein zweites Seil anbringen wollt, um beispielsweise teilweise abzuseilen und Euch gegenseitig aus der Wand beim Klettern zu fotografieren, bitte sagt im Voraus Bescheid, damit ich entsprechend zus\u00e4tzliches Equipment vorbereiten kann.<\/p>\n","protected":false},"excerpt":{"rendered":"<h2>Stellt Euch der Herausforderung!<\/h2>\n<p>Die Gletscherzungen des Vatnaj\u00f6kull bieten ganzj\u00e4hrig hervorragende Bedingungen zum Eisklettern! Von einsteigerfreundlichen Neigungen bis zu vertikalen oder gar \u00fcberh\u00e4ngendem Eis, das selbst erfahrene Kletterer herausfordert, bietet das Terrain eine schier endlose F\u00fclle an M\u00f6glichkeiten und ist ideal f\u00fcr einen erlebnisreichen Tag. Private F\u00fchrung durch einen AIMG gepr\u00fcften Gletscherf\u00fchrer mit jahrzehntelanger Erfahrung garantiert dass Einsteiger die bestm\u00f6gliche Unterweisung bekommen um schnell Fortschritte zu machen, und auch erfahrene Kletterer werden auf ihre Kosten kommen!<\/p>\n","protected":false},"featured_media":2842,"comment_status":"closed","ping_status":"closed","template":"","meta":[],"product_brand":[],"product_cat":[97,106],"product_tag":[87,88,84,86],"class_list":{"0":"post-3077","1":"product","2":"type-product","3":"status-publish","4":"has-post-thumbnail","6":"product_cat-gletscher","7":"product_cat-tagestouren","8":"product_tag-abenteuerlich","9":"product_tag-ganztaegig","10":"product_tag-gletscher","11":"product_tag-winter-de","13":"first","14":"instock","15":"sold-individually","16":"taxable","17":"shipping-taxable","18":"purchasable","19":"product-type-booking"},"booking_location":"","booking_location_type":"","booking_duration":1,"booking_duration_unit":"day","booking_buffer":0,"booking_cost":0,"booking_resources":[2745],"exclude_global_add_ons":false,"addons":[{"name":"Donate to ICE-SAR","type":"multiple_choice","position":0,"required":false,"title_format":"label","default":"","description_enable":true,"description":"Add a donation to the <a href=\"http:\/\/www.icesar.com\" target=\"_blank\">Icelandic Association for Search &amp; Rescue<\/a>. I will match your donation with the same amount - so if you select ISK 2.500, I will add another 2.500 for a total donation of ISK 5.000 (<a target=\"_blank\" href=\"https:\/\/www.stepman.is\/2023\/11\/19\/supporting-icelandic-search-rescue\/\">see here for details<\/a>).","placeholder_enable":false,"placeholder":"","display":"select","restrictions_type":"any_text","adjust_price":false,"price":"","price_type":"flat_fee","restrictions":false,"min":"0","max":"0","options":[{"label":"ISK 100","price":"100","price_type":"flat_fee","image":0,"visibility":true},{"label":"ISK 250","price":"250","price_type":"flat_fee","image":0,"visibility":true},{"label":"ISK 500","price":"500","price_type":"flat_fee","image":0,"visibility":true},{"label":"ISK 1.000","price":"1000","price_type":"flat_fee","image":0,"visibility":true},{"label":"ISK 2.500","price":"2500","price_type":"flat_fee","image":0,"visibility":true},{"label":"ISK 5.000","price":"5000","price_type":"flat_fee","image":0,"visibility":true},{"label":"ISK 10.000","price":"10000","price_type":"flat_fee","image":0,"visibility":true}],"id":1700474664}],"jetpack_sharing_enabled":true,"_links":{"self":[{"href":"https:\/\/www.stepman.is\/de\/wp-json\/wp\/v2\/product\/3077","targetHints":{"allow":["GET"]}}],"collection":[{"href":"https:\/\/www.stepman.is\/de\/wp-json\/wp\/v2\/product"}],"about":[{"href":"https:\/\/www.stepman.is\/de\/wp-json\/wp\/v2\/types\/product"}],"replies":[{"embeddable":true,"href":"https:\/\/www.stepman.is\/de\/wp-json\/wp\/v2\/comments?post=3077"}],"wp:featuredmedia":[{"embeddable":true,"href":"https:\/\/www.stepman.is\/de\/wp-json\/wp\/v2\/media\/2842"}],"wp:attachment":[{"href":"https:\/\/www.stepman.is\/de\/wp-json\/wp\/v2\/media?parent=3077"}],"wp:term":[{"taxonomy":"product_brand","embeddable":true,"href":"https:\/\/www.stepman.is\/de\/wp-json\/wp\/v2\/product_brand?post=3077"},{"taxonomy":"product_cat","embeddable":true,"href":"https:\/\/www.stepman.is\/de\/wp-json\/wp\/v2\/product_cat?post=3077"},{"taxonomy":"product_tag","embeddable":true,"href":"https:\/\/www.stepman.is\/de\/wp-json\/wp\/v2\/product_tag?post=3077"}],"curies":[{"name":"wp","href":"https:\/\/api.w.org\/{rel}","templated":true}]}}