{"id":3095,"date":"2023-11-14T11:53:57","date_gmt":"2023-11-14T11:53:57","guid":{"rendered":"https:\/\/www.stepman.is\/tours\/hvannadalshnukur-gipfeltour\/"},"modified":"2023-12-02T22:24:56","modified_gmt":"2023-12-02T22:24:56","slug":"hvannadalshnukur-gipfeltour","status":"publish","type":"product","link":"https:\/\/www.stepman.is\/de\/tours\/hvannadalshnukur-gipfeltour\/","title":{"rendered":"Hvannadalshn\u00fakur Gipfeltour"},"content":{"rendered":"<div id='revolutionslider_1'  class='avia-layerslider avia-revolutionslider main_color avia-shadow  avia-builder-el-0  el_before_av_one_full  avia-builder-el-first   container_wrap sidebar_right'  >\n\t\t\t\t<p class=\"rs-p-wp-fix\"><\/p>\n\t\t\t\t<sr7-module data-alias=\"hnukur\" data-id=\"20\" id=\"SR7_20_1\" class=\"rs-ov-hidden\" data-version=\"6.7.51\">\n\t\t\t\t\t<sr7-adjuster><\/sr7-adjuster>\n\t\t\t\t\t<sr7-content>\n\t\t\t\t\t\t<sr7-slide id=\"SR7_20_1-30\" data-key=\"30\">\n\t\t\t\t\t\t\t<sr7-bg id=\"SR7_20_1-30-2\" class=\"sr7-layer\"><noscript><img decoding=\"async\" src=\"https:\/\/www.stepman.is\/wp-content\/uploads\/2022\/04\/dsc7659.jpg\" alt=\"\" title=\"\"><\/noscript><\/sr7-bg>\n\t\t\t\t\t\t\t<sr7-txt id=\"SR7_20_1-30-1\" class=\"sr7-layer\">Hvannadalshn\u00fakur<br \/>\n2109m<\/sr7-txt>\n\t\t\t\t\t\t<\/sr7-slide>\n\t\t\t\t\t\t<sr7-slide id=\"SR7_20_1-31\" data-key=\"31\">\n\t\t\t\t\t\t\t<sr7-bg id=\"SR7_20_1-31-2\" class=\"sr7-layer\"><noscript><img decoding=\"async\" src=\"https:\/\/www.stepman.is\/wp-content\/uploads\/2021\/05\/img_4657.jpg\" alt=\"\" title=\"\"><\/noscript><\/sr7-bg>\n\t\t\t\t\t\t\t<sr7-txt id=\"SR7_20_1-31-1\" class=\"sr7-layer\">An epic journey<br \/>\nto the highest point of Iceland<\/sr7-txt>\n\t\t\t\t\t\t<\/sr7-slide>\n\t\t\t\t\t\t<sr7-slide id=\"SR7_20_1-32\" data-key=\"32\">\n\t\t\t\t\t\t\t<sr7-bg id=\"SR7_20_1-32-2\" class=\"sr7-layer\"><noscript><img decoding=\"async\" src=\"https:\/\/www.stepman.is\/wp-content\/uploads\/2021\/05\/img_4972.jpg\" alt=\"\" title=\"\"><\/noscript><\/sr7-bg>\n\t\t\t\t\t\t\t<sr7-txt id=\"SR7_20_1-32-1\" class=\"sr7-layer\">Test your skill <br \/>\nas a rope team<\/sr7-txt>\n\t\t\t\t\t\t<\/sr7-slide>\n\t\t\t\t\t\t<sr7-slide id=\"SR7_20_1-33\" data-key=\"33\">\n\t\t\t\t\t\t\t<sr7-bg id=\"SR7_20_1-33-2\" class=\"sr7-layer\"><noscript><img decoding=\"async\" src=\"https:\/\/www.stepman.is\/wp-content\/uploads\/2022\/04\/dsc7759.jpg\" alt=\"\" title=\"\"><\/noscript><\/sr7-bg>\n\t\t\t\t\t\t\t<sr7-txt id=\"SR7_20_1-33-1\" class=\"sr7-layer\">Incredible views<br \/>\nfrom the peak<\/sr7-txt>\n\t\t\t\t\t\t<\/sr7-slide>\n\t\t\t\t\t\t<sr7-slide id=\"SR7_20_1-34\" data-key=\"34\">\n\t\t\t\t\t\t\t<sr7-bg id=\"SR7_20_1-34-2\" class=\"sr7-layer\"><noscript><img decoding=\"async\" src=\"https:\/\/www.stepman.is\/wp-content\/uploads\/2023\/04\/dsc8112.jpg\" alt=\"\" title=\"\"><\/noscript><\/sr7-bg>\n\t\t\t\t\t\t\t<sr7-txt id=\"SR7_20_1-34-1\" class=\"sr7-layer\">Hard days \u2013<br \/>\nBig smiles!<\/sr7-txt>\n\t\t\t\t\t\t<\/sr7-slide>\n\t\t\t\t\t\t<sr7-slide id=\"SR7_20_1-50\" data-key=\"50\">\n\t\t\t\t\t\t<\/sr7-slide>\n\t\t\t\t\t<\/sr7-content>\n\t\t\t\t\t<image_lists style=\"display:none\">\n\t\t\t\t\t\t<img data-src=\"\/\/www.stepman.is\/wp-content\/uploads\/2022\/04\/dsc7659.jpg\" data-libid=\"2940\" data-lib=\"medialibrary\" width=\"0\" height=\"0\" data-dbsrc=\"Ly93d3cuc3RlcG1hbi5pcy93cC1jb250ZW50L3VwbG9hZHMvMjAyMi8wNC9kc2M3NjU5LmpwZw==\"\/>\n\t\t\t\t\t\t<img data-src=\"\/\/www.stepman.is\/wp-content\/uploads\/2021\/05\/img_4657.jpg\" data-libid=\"2922\" data-lib=\"medialibrary\" width=\"0\" height=\"0\" data-dbsrc=\"Ly93d3cuc3RlcG1hbi5pcy93cC1jb250ZW50L3VwbG9hZHMvMjAyMS8wNS9pbWdfNDY1Ny5qcGc=\"\/>\n\t\t\t\t\t\t<img data-src=\"\/\/www.stepman.is\/wp-content\/uploads\/2021\/05\/img_4972.jpg\" data-libid=\"2932\" data-lib=\"medialibrary\" width=\"0\" height=\"0\" data-dbsrc=\"Ly93d3cuc3RlcG1hbi5pcy93cC1jb250ZW50L3VwbG9hZHMvMjAyMS8wNS9pbWdfNDk3Mi5qcGc=\"\/>\n\t\t\t\t\t\t<img data-src=\"\/\/www.stepman.is\/wp-content\/uploads\/2022\/04\/dsc7759.jpg\" data-libid=\"2962\" data-lib=\"medialibrary\" width=\"0\" height=\"0\" data-dbsrc=\"Ly93d3cuc3RlcG1hbi5pcy93cC1jb250ZW50L3VwbG9hZHMvMjAyMi8wNC9kc2M3NzU5LmpwZw==\"\/>\n\t\t\t\t\t\t<img data-src=\"\/\/www.stepman.is\/wp-content\/uploads\/2023\/04\/dsc8112.jpg\" data-libid=\"2970\" data-lib=\"medialibrary\" width=\"0\" height=\"0\" data-dbsrc=\"Ly93d3cuc3RlcG1hbi5pcy93cC1jb250ZW50L3VwbG9hZHMvMjAyMy8wNC9kc2M4MTEyLmpwZw==\"\/>\n\t\t\t\t\t<\/image_lists>\n\t\t\t\t<\/sr7-module>\n\t\t\t\t<script>\n\t\t\t\t\twindow.SR7 ??={};SR7.PMH ??={}; SR7.PMH[\"SR7_20_1\"] = {cn:100,state:false,fn: function() { if (window._tpt!==undefined && window._tpt.prepareModuleHeight !== undefined) {  _tpt.prepareModuleHeight({id:\"SR7_20_1\",el:[800,800,800,960,720],type:'standard',shdw:'0',gh:[800,800,800,960,720],gw:[1240,1240,1240,778,480],vpt:['100px&#039;,&#039;100px&#039;,&#039;100px&#039;,&#039;100px&#039;,&#039;100px'],size:{fullWidth:true, fullHeight:false},mh:'0',onh:0,onw:0,bg:{color:'{\"orig\":\"transparent\",\"type\":\"solid\",\"string\":\"transparent\"}'}});   SR7.PMH[\"SR7_20_1\"].state=true;} else if(SR7.PMH[\"SR7_20_1\"].cn-->0)\tsetTimeout( SR7.PMH[\"SR7_20_1\"].fn,19);}};SR7.PMH[\"SR7_20_1\" ].fn();\n\t\t\t\t<\/script>\n<\/div><div id='after_revolutionslider_1'  class='main_color av_default_container_wrap container_wrap sidebar_right'  ><div class='container av-section-cont-open' ><div class='template-page content  av-content-small alpha units'><div class='post-entry post-entry-type-page post-entry-3095'><div class='entry-content-wrapper clearfix'>\n\n<style type=\"text\/css\" data-created_by=\"avia_inline_auto\" id=\"style-css-av-gyhtq-fe4abff6a7f39640f18938c0f66d77bf\">\n.flex_column.av-gyhtq-fe4abff6a7f39640f18938c0f66d77bf{\nborder-radius:0px 0px 0px 0px;\npadding:0px 0px 0px 0px;\n}\n<\/style>\n<div  class='flex_column av-gyhtq-fe4abff6a7f39640f18938c0f66d77bf av_one_full  avia-builder-el-1  el_after_av_revolutionslider  el_before_av_two_third  avia-builder-el-first  first flex_column_div av-zero-column-padding  '     ><style type=\"text\/css\" data-created_by=\"avia_inline_auto\" id=\"style-css-av-9pmme-e8b393c705c3f4009324b3d18cdd7398\">\n#top .av-special-heading.av-9pmme-e8b393c705c3f4009324b3d18cdd7398{\npadding-bottom:10px;\n}\nbody .av-special-heading.av-9pmme-e8b393c705c3f4009324b3d18cdd7398 .av-special-heading-tag .heading-char{\nfont-size:25px;\n}\n.av-special-heading.av-9pmme-e8b393c705c3f4009324b3d18cdd7398 .av-subheading{\nfont-size:15px;\n}\n<\/style>\n<div  class='av-special-heading av-9pmme-e8b393c705c3f4009324b3d18cdd7398 av-special-heading-h1  avia-builder-el-2  avia-builder-el-no-sibling '><h1 class='av-special-heading-tag '  itemprop=\"headline\"  >Gipfel des Hvannadalshn\u00fakur<\/h1><div class=\"special-heading-border\"><div class=\"special-heading-inner-border\"><\/div><\/div><\/div><\/div>\n\n<style type=\"text\/css\" data-created_by=\"avia_inline_auto\" id=\"style-css-av-11bovy-7d3e476dec34d13b9a746c1d7ceb4728\">\n.flex_column.av-11bovy-7d3e476dec34d13b9a746c1d7ceb4728{\nborder-radius:0px 0px 0px 0px;\npadding:0px 0px 0px 0px;\n}\n<\/style>\n<div  class='flex_column av-11bovy-7d3e476dec34d13b9a746c1d7ceb4728 av_two_third  avia-builder-el-3  el_after_av_one_full  el_before_av_one_third  first flex_column_div av-zero-column-padding  column-top-margin'     ><section  class='av_textblock_section av-kd3n3w2g-04a0af9e7d79c5647dcebe3e421a7752 '   itemscope=\"itemscope\" itemtype=\"https:\/\/schema.org\/CreativeWork\" ><div class='avia_textblock'  itemprop=\"text\" ><p>Hvannadalshn\u00fakur, 2109m. Der h\u00f6chste Punkt Islands. Eine unvergessliche hochalpine Tour.<\/p>\n<p>Dieser Berg bietet eine fantastisches Panorama \u00fcber den S\u00fcdosten Islands, und die Vorstellung seinen Gipfel zu erreichen ist ein Traum f\u00fcr viele &#8211; Einheimische wie G\u00e4ste. Aber, als der h\u00f6chste Berg einer Insel die f\u00fcr ihr unberechenbares Wetter bekannt ist, erfordert er ein gro\u00dfes Ma\u00df an Vorbereitung, Ausdauer, und etwas Wettergl\u00fcck um den Traum wahr werden zu lassen.<\/p>\n<p>F\u00fcr die gr\u00f6\u00dftm\u00f6gliche Erfolgschance ist Deine Buchung nicht f\u00fcr einen bestimmten Tag, sondern f\u00fcr einen Zeitraum von drei Tagen. Somit k\u00f6nnen wir stest den Tag mit dem bestm\u00f6glichen Wetter w\u00e4hlen.<\/p>\n<\/div><\/section><\/div>\n\n<style type=\"text\/css\" data-created_by=\"avia_inline_auto\" id=\"style-css-av-yu2t2-392af10ef137fccfddc43b37cf7e8cbb\">\n.flex_column.av-yu2t2-392af10ef137fccfddc43b37cf7e8cbb{\nborder-radius:0px 0px 0px 0px;\npadding:0px 0px 0px 0px;\n}\n<\/style>\n<div  class='flex_column av-yu2t2-392af10ef137fccfddc43b37cf7e8cbb av_one_third  avia-builder-el-5  el_after_av_two_third  el_before_av_one_full  flex_column_div av-hide-on-mobile av-zero-column-padding  column-top-margin'     ><section  class='av_textblock_section av-kd3molyl-297765ab7fb8e8569f971b11b757c084 '   itemscope=\"itemscope\" itemtype=\"https:\/\/schema.org\/CreativeWork\" ><div class='avia_textblock'  itemprop=\"text\" ><h4>Kurz gefasst<\/h4>\n<ul>\n<li>Gipfeltour auf den h\u00f6chsten Berg Islands<\/li>\n<li><em>Sehr<\/em> langer Tag (12-14 Stunden)<\/li>\n<li>Mittelschwere Tour (etwas Erfahrung mit Steigeisen erforderlich)<\/li>\n<li>Hohe Anspr\u00fcche an k\u00f6rperliche Fitness<\/li>\n<li>Fr\u00fchjahrstour<\/li>\n<\/ul>\n<\/div><\/section><\/div>\n\n<style type=\"text\/css\" data-created_by=\"avia_inline_auto\" id=\"style-css-av-oh3c6-725d6ce2945aac25438444dcf6fce370\">\n.flex_column.av-oh3c6-725d6ce2945aac25438444dcf6fce370{\nborder-radius:0px 0px 0px 0px;\npadding:0px 0px 0px 0px;\n}\n<\/style>\n<div  class='flex_column av-oh3c6-725d6ce2945aac25438444dcf6fce370 av_one_full  avia-builder-el-7  el_after_av_one_third  el_before_av_textblock  first flex_column_div av-zero-column-padding  column-top-margin'     ><\/p>\n<div class='av-woo-purchase-button av-mi63i-e053289b545037b950d47f9582c52528  avia-builder-el-8  avia-builder-el-no-sibling '><p class=\"price\">ab <span class=\"woocommerce-Price-amount amount\"><bdi>79.500&nbsp;<span class=\"woocommerce-Price-currencySymbol\">kr.<\/span><\/bdi><\/span><\/p>\n<noscript>Ihr Browser muss Javascript unterst\u00fctzen um die Buchung auszuf\u00fchren.<\/noscript>\n\n<form class=\"cart\" method=\"post\" enctype='multipart\/form-data' data-nonce=\"53a81a0360\">\n\n\t<div id=\"wc-bookings-booking-form\" class=\"wc-bookings-booking-form\" style=\"display:none\">\n\n\t\t\n\t\t<div class=\"form-field form-field-wide wc_bookings_field_persons_3096\">\n\t<label for=\"wc_bookings_field_persons_3096\">Erwachsene:<\/label>\n\t<input\n\t\ttype=\"number\"\n\t\tvalue=\"1\"\n\t\tstep=\"1\"\n\t\tmin=\"1\"\n\t\tmax=\"8\"\n\t\tname=\"wc_bookings_field_persons_3096\"\n\t\tid=\"wc_bookings_field_persons_3096\"\n\t\t\/> Bei dieser Tour gibt es ein Mindestalter von 16 Jahren.<\/div>\n<fieldset class=\"wc-bookings-date-picker wc-bookings-date-picker-booking wc_bookings_field_start_date\">\n\t<div class=\"picker\" data-display=\"always_visible\" data-duration-unit=\"day\" data-default-availability=\"false\" data-min_date=\"+2w\" data-max_date=\"+12m\" data-default_date=\"2027-04-01\" data-is_range_picker_enabled=\"0\"><\/div>\n\n\t\t<div class=\"wc-bookings-date-picker-date-fields\">\n\t\t\n\t\t\t\t<label>\n\t\t\t<input type=\"text\" autocomplete=\"off\" name=\"wc_bookings_field_start_date_day\" placeholder=\"dd\" size=\"2\" class=\"booking_date_day\" \/>\n\t\t\t<span>Tag<\/span>\n\t\t<\/label> \/ <label>\n\t\t\t<input type=\"text\" autocomplete=\"off\" name=\"wc_bookings_field_start_date_month\" placeholder=\"mm\" size=\"2\" class=\"booking_date_month\" \/>\n\t\t\t<span>Monat<\/span>\n\t\t<\/label>\n\t\t \/ <label>\n\t\t\t<input type=\"text\" autocomplete=\"off\" value=\"2026\" name=\"wc_bookings_field_start_date_year\" placeholder=\"YYYY\" size=\"4\" class=\"booking_date_year\" \/>\n\t\t\t<span>Jahr<\/span>\n\t\t<\/label>\n\t<\/div>\n\n\t<\/fieldset>\n\n\t\t<div class=\"wc-bookings-booking-cost price\" style=\"display:none\" data-raw-price=\"\"><\/div>\n\n\t<\/div>\n\n\t<div class=\"wc-pao-addons-container\">\n<div id=\"wc-pao-addon-3095-1700474664\" class=\"wc-pao-addon-container  wc-pao-addon wc-pao-addon-3095-1700474664 wc-pao-addon-id-1700474664 \" data-product-name=\"Hvannadalshn\u00fakur Gipfeltour\" data-product-tax-status=\"taxable\" >\n\t\n\t\n\t\t\t\t\t\t\t\t\t\t\t\t\t\t\t\t\t\t<label for=\"addon-3095-1700474664\" class=\"wc-pao-addon-name\" data-addon-name=\"Donate to ICE-SAR\" data-has-per-person-pricing=\"\" data-has-per-block-pricing=\"\">\n\t\t\t\t\t\t\tDonate to ICE-SAR\t\t\t\t\t\t\t\t\t\t\t\t\t\t\t\t\t\t\t\t<\/label>\n\t\t\t\t\t\t\t\t\t\t\t\t\t<div class=\"wc-pao-addon-description\" id=\"wc-pao-description-3095-1700474664\"><p>Add a donation to the <a href=\"http:\/\/www.icesar.com\" target=\"_blank\" rel=\"noopener\">Icelandic Association for Search &amp; Rescue<\/a>. I will match your donation with the same amount &#8211; so if you select ISK 2.500, I will add another 2.500 for a total donation of ISK 5.000 (<a target=\"_blank\" href=\"https:\/\/www.stepman.is\/2023\/11\/19\/supporting-icelandic-search-rescue\/\" rel=\"noopener\">see here for details<\/a>).<\/p>\n<\/div>\t\n\t<div class=\"form-row form-row-wide wc-pao-addon-wrap wc-pao-addon-3095-1700474664\">\n\t<select\n\t\tclass=\"wc-pao-addon-field wc-pao-addon-select\"\n\t\tname=\"addon-3095-1700474664\"\n\t\tid=\"addon-3095-1700474664\"\n\t\tdata-restrictions=\"[]\"\n\t\t\t\taria-describedby=\"wc-pao-description-3095-1700474664\"\t\t>\n\n\t\t\t\t\t<option value=\"\">Keins<\/option>\n\t\t\n\t\t\t\t\t<option\n\t\t\t\t\t\t\t\tdata-raw-price=\"100\"\n\t\t\t\tdata-price=\"100\"\n\t\t\t\tdata-price-type=\"flat_fee\"\n\t\t\t\tvalue=\"isk-100-1\"\n\t\t\t\tdata-label=\"ISK 100\"\n\t\t\t>\n\t\t\t\tISK 100 (+<span class=\"woocommerce-Price-amount amount\">100&nbsp;<span class=\"woocommerce-Price-currencySymbol\">kr.<\/span><\/span>)\t\t\t<\/option>\n\t\t\t\t\t<option\n\t\t\t\t\t\t\t\tdata-raw-price=\"250\"\n\t\t\t\tdata-price=\"250\"\n\t\t\t\tdata-price-type=\"flat_fee\"\n\t\t\t\tvalue=\"isk-250-2\"\n\t\t\t\tdata-label=\"ISK 250\"\n\t\t\t>\n\t\t\t\tISK 250 (+<span class=\"woocommerce-Price-amount amount\">250&nbsp;<span class=\"woocommerce-Price-currencySymbol\">kr.<\/span><\/span>)\t\t\t<\/option>\n\t\t\t\t\t<option\n\t\t\t\t\t\t\t\tdata-raw-price=\"500\"\n\t\t\t\tdata-price=\"500\"\n\t\t\t\tdata-price-type=\"flat_fee\"\n\t\t\t\tvalue=\"isk-500-3\"\n\t\t\t\tdata-label=\"ISK 500\"\n\t\t\t>\n\t\t\t\tISK 500 (+<span class=\"woocommerce-Price-amount amount\">500&nbsp;<span class=\"woocommerce-Price-currencySymbol\">kr.<\/span><\/span>)\t\t\t<\/option>\n\t\t\t\t\t<option\n\t\t\t\t\t\t\t\tdata-raw-price=\"1000\"\n\t\t\t\tdata-price=\"1000\"\n\t\t\t\tdata-price-type=\"flat_fee\"\n\t\t\t\tvalue=\"isk-1-000-4\"\n\t\t\t\tdata-label=\"ISK 1.000\"\n\t\t\t>\n\t\t\t\tISK 1.000 (+<span class=\"woocommerce-Price-amount amount\">1.000&nbsp;<span class=\"woocommerce-Price-currencySymbol\">kr.<\/span><\/span>)\t\t\t<\/option>\n\t\t\t\t\t<option\n\t\t\t\t\t\t\t\tdata-raw-price=\"2500\"\n\t\t\t\tdata-price=\"2500\"\n\t\t\t\tdata-price-type=\"flat_fee\"\n\t\t\t\tvalue=\"isk-2-500-5\"\n\t\t\t\tdata-label=\"ISK 2.500\"\n\t\t\t>\n\t\t\t\tISK 2.500 (+<span class=\"woocommerce-Price-amount amount\">2.500&nbsp;<span class=\"woocommerce-Price-currencySymbol\">kr.<\/span><\/span>)\t\t\t<\/option>\n\t\t\t\t\t<option\n\t\t\t\t\t\t\t\tdata-raw-price=\"5000\"\n\t\t\t\tdata-price=\"5000\"\n\t\t\t\tdata-price-type=\"flat_fee\"\n\t\t\t\tvalue=\"isk-5-000-6\"\n\t\t\t\tdata-label=\"ISK 5.000\"\n\t\t\t>\n\t\t\t\tISK 5.000 (+<span class=\"woocommerce-Price-amount amount\">5.000&nbsp;<span class=\"woocommerce-Price-currencySymbol\">kr.<\/span><\/span>)\t\t\t<\/option>\n\t\t\t\t\t<option\n\t\t\t\t\t\t\t\tdata-raw-price=\"10000\"\n\t\t\t\tdata-price=\"10000\"\n\t\t\t\tdata-price-type=\"flat_fee\"\n\t\t\t\tvalue=\"isk-10-000-7\"\n\t\t\t\tdata-label=\"ISK 10.000\"\n\t\t\t>\n\t\t\t\tISK 10.000 (+<span class=\"woocommerce-Price-amount amount\">10.000&nbsp;<span class=\"woocommerce-Price-currencySymbol\">kr.<\/span><\/span>)\t\t\t<\/option>\n\t\t\t<\/select>\n<\/div>\n<\/div>\n\n<div id=\"product-addons-total\" data-show-incomplete-sub-total=\"1\" data-show-sub-total=\"1\" data-type=\"booking\" data-tax-mode=\"incl\" data-tax-display-mode=\"incl\" data-price=\"79500\" data-raw-price=\"79500\" data-product-id=\"3095\"><\/div><div class=\"validation_message woocommerce-info\" id=\"required_addons_validation_message\"><\/div><\/div>\n\t<input type=\"hidden\" name=\"add-to-cart\" value=\"3095\" class=\"wc-booking-product-id\" \/>\n\n\t<button type=\"submit\" class=\"wc-bookings-booking-form-button single_add_to_cart_button button alt disabled\" style=\"display:none\">jetzt buchen<\/button>\n\t<input type=\"hidden\" id=\"min_date\" name=\"min_date\" value=\"0\"\/>\n\t<input type=\"hidden\" id=\"max_date\" name=\"max_date\" value=\"0\"\/>\n\t<input type=\"hidden\" id=\"timezone_offset\" name=\"timezone_offset\" value=\"0\"\/>\n\n\n<\/form>\n\n<div class=\"product_meta\">\n\n\t\n\t\n\t<span class=\"posted_in\">Kategorien: <a href=\"https:\/\/www.stepman.is\/de\/product-category\/touren\/hochtouren\/\" rel=\"tag\">Hochtouren und Gipfelbesteigungen<\/a>, <a href=\"https:\/\/www.stepman.is\/de\/product-category\/touren\/tagestouren\/\" rel=\"tag\">Tagestouren<\/a>, <a href=\"https:\/\/www.stepman.is\/de\/product-category\/touren\/\" rel=\"tag\">Touren<\/a><\/span>\n\t\n\t\n<\/div>\n<\/div><\/div>\n<section  class='av_textblock_section av-loivwml8-bf246fd3c1ab7fc822897b73d262b415 '   itemscope=\"itemscope\" itemtype=\"https:\/\/schema.org\/CreativeWork\" ><div class='avia_textblock'  itemprop=\"text\" ><h1>Programm<\/h1>\n<ul>\n<li>Diese Tour wird ein sehr langer Tag, und entsprechend fr\u00fch geht es auch los. \u00dcblicherweise starten wir um ca. 3 Uhr von Sandfell.<\/li>\n<li>Von unserem Treffpunkt praktisch auf Meeresh\u00f6he geht es gleich ziemlich steil los, \u00fcber loses Ger\u00f6ll aber nicht besonders schwierig, bis auf eine H\u00f6he von etwa 700m. Wichtig ist es gerade zu Beginn das Tempo etwas zur\u00fcckzunehmen und mit unseren Reserven sorgf\u00e4ltig umzugehen, damit auch am Ende des Tages noch etwas K\u00f6rner \u00fcbrig sind. Etwa auf halber H\u00f6he kommen wir an einem Wassefall vorbei, bei dem wir eine kurze Pause einlegen und nochmals unsere Wasserflaschen auff\u00fcllen.<\/li>\n<li>Ab 700m wird das Gel\u00e4nde etwas angenehmer, bis wir auf ca. 1.000m H\u00f6he den Gletscher erreichen. Auf dem Weg dorthin sind wir meist schon auf einigen Schneefeldern unterwegs, und mitunter bereits auf Microspikes oder Steigeisen.<\/li>\n<li>Am Rand des Gletschers ist eine gute Gelegenheit f\u00fcr eine etwas l\u00e4ngere Pause und einen guten Snack w\u00e4hrend wir uns als Seilschaft vorbereiten. Nun beginnt der Mental wohl schwierigste Abschnitt, ein sehr gleichf\u00f6rmiger (und somit fast endlos wirkender) Anstieg bis zum Plateau auf 1.800m. Je nach Schneelage m\u00fcssen wir auf diesem Abschnitt mitunter einige offene Gletscherspalten \u00fcberwinden oder umgehen.<\/li>\n<li>Am Plateau angekommen, gehen wir in gro\u00dfem Bogen um den Krater des \u00d6r\u00e6faj\u00f6kull und seine Spaltenbogen, bis wir am Fus des Gipfelaufschwungs stehen.<\/li>\n<li>Oft k\u00f6nnen wir bis hierhin die &#8220;richtigen&#8221; Steigeisen weglassen und den Weg auf Microspikes bew\u00e4ltigen, aber jetzt ist definitiv Zeit sie anzulegen und den Eispickel bereitzulegen. Meist lassen wir hier auch unsere Rucks\u00e4cke und einiges an Ausr\u00fcstung zur\u00fcck, damit uns der letzte Anstieg etwas leichter f\u00e4llt. Dieses Wegst\u00fcck ist relativ steil und oft sehr kompakter Schnee und mitunter etwas vereist, was etwas Kompetenz und Trittsicherheit mit Steigesen erfordert aber selten zu einem wirklichen Problem wird.<\/li>\n<li>Auf dem Gipfel nehmen wir uns etwas Zeit um das grandiose Panorama \u00fcber den Vatnaj\u00f6kull zu geniessen. An guten Tagen gibt es eine Fernsicht von \u00fcber 150km!<\/li>\n<li>Der Gipfel ist nat\u00fcrlich nur der halbe Weg, aber die R\u00fcckkehr ist meistens kein gro\u00dfes Problem und selbst die schier endlose Steigung zwischen 1.000 und 1.800m geht meist recht schnell vorbei.<\/li>\n<\/ul>\n<p>W\u00e4hrend der gesamten Tour versuchen wir ein gleichm\u00e4\u00dfiges Tempo im Grundlagenbereich zu halten um unsere Energie gut \u00fcber den Tag zu verteilen, und machen alle 40-50 Minuten eine kurze Ess- und Trinkpause.<\/p>\n<p>Die gesamte Distanz ist etwa <strong>20km<\/strong>, und die Dauer der Tour liegt meist <strong>zwischen 12 und 14 Stunden<\/strong>.<\/p>\n<p>Da wir potenziell sehr fr\u00fch beginnen und ein Fenster von drei Tagen f\u00fcr dei Tour haben, empfehle ich ein Hotel in der nahen Umgebung zu buchen und dort f\u00fcr vier N\u00e4chte zu bleiben (Ankunft am fr\u00fchen Nachmittag vor dem ersten Tag, und Abreise am Morgen nach dem dritten Tag). Zum Beispiel sind sowohl <a href=\"https:\/\/www.hotelskaftafell.is\">Hotel Skaftafell<\/a> als auch <a href=\"https:\/\/www.islandshotel.is\/hotels-in-iceland\/fosshotel-vatnajoekull\/\">Fosshotel J\u00f6kuls\u00e1rl\u00f3n<\/a> in der nahen Umgebung und eignen sich auch hervorragend als Basis f\u00fcr weitere Unternehmungen an den anderen Tagen.<\/p>\n<\/div><\/section>\n<div class='flex_column_table av-3qjt8w-5c4af0e0a1a62e437f63bc34c1a05f02 sc-av_two_third av-equal-height-column-flextable'><div  class='flex_column av-3qjt8w-5c4af0e0a1a62e437f63bc34c1a05f02 av_two_third  avia-builder-el-10  el_after_av_textblock  el_before_av_one_third  first flex_column_table_cell av-equal-height-column av-align-top  column-top-margin'     ><section  class='av_textblock_section av-loiw4gfe-78f66f8bdcb4b81dbc5f8167d3690005 '   itemscope=\"itemscope\" itemtype=\"https:\/\/schema.org\/CreativeWork\" ><div class='avia_textblock'  itemprop=\"text\" ><h2>WAS IST INBEGRIFFEN?<\/h2>\n<ul class=\"circle\">\n<li>Briefing via Telefon oder Video zur Vorbereitung auf die Tour\n<ul class=\"circle\">\n<li>Dabei und nat\u00fcrlich auch jederzeit danach ist reichlich Zeit um alle Fragen zu Ausr\u00fcstung, Verpflegung, Vorbereitungstouren usw. zu beantworten.<\/li>\n<\/ul>\n<\/li>\n<li>GPS-Track zur Vorbereitung und f\u00fcr das eigenen Ger\u00e4t<\/li>\n<li>Treffpunkt in Sandfell<\/li>\n<li>Dreit\u00e4giges Wetterfenster f\u00fcr die Tour<\/li>\n<li>Alle f\u00fcr den Gletscher ben\u00f6tigte Sicherheitsausr\u00fcstung (Steigeisen, Klettergurt, Eispickel).<\/li>\n<li>Private Tour, gef\u00fchrt durch ausgebildeten Guide und Berufsfotografen<\/li>\n<\/ul>\n<\/div><\/section><br \/>\n<section  class='av_textblock_section av-loiw56e6-0f400b09a3dee3a3c79af75c191ec6bc '   itemscope=\"itemscope\" itemtype=\"https:\/\/schema.org\/CreativeWork\" ><div class='avia_textblock'  itemprop=\"text\" ><h2>BEN\u00d6TIGTE AUSR\u00dcSTUNG<\/h2>\n<ul class=\"circle\">\n<li>Hochwertige <a href=\"https:\/\/www.stepman.is\/what-to-wear\/\">Outdoor-Bekleidung<\/a> ist zwingend erforderelich (mindestens drei Schichten).<\/li>\n<li>Bergschuhe mindestens der Kategorie B1 oder B2.<\/li>\n<li>Daunenjacke oder Jacke aus anderem Material als zus\u00e4tzliche Schicht, um die W\u00e4rme zu halten w\u00e4hrend wir Pausen machen.<\/li>\n<li>Sonnenbrille oder Schibrille.<\/li>\n<li>Zwei Paar Handschuhe (zumindest eines davon sehr warm).<\/li>\n<li>Ausreichend Snacks um w\u00e4hrend der gesamten Tour genug Energie zu haben.<\/li>\n<li>Zwei Liter Fl\u00fcssigkeit (davon mindestens 1L in Thermoskanne vor dem Gefrieren gesch\u00fctzt).<\/li>\n<li>Guter, komfortabler Rucksack.<\/li>\n<li>Vorsicht mit dem Gewicht &#8211; jedes zus\u00e4tzliche kg wird \u00fcber den Tag zur Belastung (also vielleicht eher das Telefon mitnehmen als eine schwere DSLR-Kamera)<\/li>\n<\/ul>\n<\/div><\/section><\/p><\/div>\n<div class='av-flex-placeholder'><\/div>\n<style type=\"text\/css\" data-created_by=\"avia_inline_auto\" id=\"style-css-av-27qnao-f4480560175c914adddeb9d35f8bc030\">\n.flex_column.av-27qnao-f4480560175c914adddeb9d35f8bc030{\nborder-width:1px;\nborder-color:#000000;\nborder-style:solid;\nbackground:url(https:\/\/www.stepman.is\/wp-content\/uploads\/2022\/04\/dsc7676-1030x686.jpg) 50% 50% no-repeat scroll ;\n}\n<\/style>\n<div  class='flex_column av-27qnao-f4480560175c914adddeb9d35f8bc030 av_one_third  avia-builder-el-13  el_after_av_two_third  el_before_av_textblock  flex_column_table_cell av-equal-height-column av-align-top  column-top-margin'     ><\/div><\/div><!--close column table wrapper. Autoclose: 1 -->\n<section  class='av_textblock_section av-lp1fa9m1-edd75e95b9f70c62202a60228389b08c '   itemscope=\"itemscope\" itemtype=\"https:\/\/schema.org\/CreativeWork\" ><div class='avia_textblock'  itemprop=\"text\" ><h2>WICHTIG ZU WISSEN<\/h2>\n<ul class=\"circle\">\n<li>Diese Tour ist eine Expedition in eine der entlegensten Gegenden Islands. Sicherheit ist unser h\u00f6chstes Gebot, und es gibt auf dieser Tour keine Abk\u00fcrzungen.<\/li>\n<li>Bereite Dich auf eine 14- bis 16-st\u00fcndige Wanderung \u00fcber 20-25km vor, mit gut 2000 H\u00f6henmetern.<\/li>\n<li>Das dreit\u00e4gige Wetterfenster gibt uns die bestm\u00f6gliche Chance auf einen Tag mit gutem Wetter, aber Absagen aufgrund ung\u00fcnstiger Verh\u00e4ltnisse k\u00f6nnen durchaus vorkommen.<\/li>\n<li>Falls wir eine ung\u00fcnstige Wetterperiode erwischen und die Tour komplett absagen m\u00fcssen, gibt es nat\u00fcrlich eine 100% R\u00fcckerstattung.<\/li>\n<li>Gehen wir los, m\u00fcssen aber die Tour aufgrund unerwarteten Schlechtwetters abbrechen und umkehren, bekommst Du eine 70% R\u00fcckerstattung.<\/li>\n<li>Falls wir aufgrund unzureichender Fitness oder nicht ausreichender Ausr\u00fcstung Eurerseits umkehren m\u00fcssen, dann erfolgt <strong>keine R\u00fcckerstattung<\/strong>.<\/li>\n<\/ul>\n<\/div><\/section>\n","protected":false},"excerpt":{"rendered":"<p>Hvannadalshn\u00fakur, 2109m. Der h\u00f6chste Punkt Islands. Eine unvergessliche hochalpine Tour.<\/p>\n","protected":false},"featured_media":2954,"comment_status":"closed","ping_status":"closed","template":"","meta":[],"product_brand":[],"product_cat":[100,106,98],"product_tag":[],"class_list":{"0":"post-3095","1":"product","2":"type-product","3":"status-publish","4":"has-post-thumbnail","6":"product_cat-hochtouren","7":"product_cat-tagestouren","8":"product_cat-touren","10":"first","11":"instock","12":"sold-individually","13":"taxable","14":"shipping-taxable","15":"purchasable","16":"product-type-booking"},"booking_location":"","booking_location_type":"","booking_duration":3,"booking_duration_unit":"day","booking_buffer":0,"booking_cost":0,"booking_resources":[2745],"exclude_global_add_ons":false,"addons":[],"jetpack_sharing_enabled":true,"_links":{"self":[{"href":"https:\/\/www.stepman.is\/de\/wp-json\/wp\/v2\/product\/3095","targetHints":{"allow":["GET"]}}],"collection":[{"href":"https:\/\/www.stepman.is\/de\/wp-json\/wp\/v2\/product"}],"about":[{"href":"https:\/\/www.stepman.is\/de\/wp-json\/wp\/v2\/types\/product"}],"replies":[{"embeddable":true,"href":"https:\/\/www.stepman.is\/de\/wp-json\/wp\/v2\/comments?post=3095"}],"wp:featuredmedia":[{"embeddable":true,"href":"https:\/\/www.stepman.is\/de\/wp-json\/wp\/v2\/media\/2954"}],"wp:attachment":[{"href":"https:\/\/www.stepman.is\/de\/wp-json\/wp\/v2\/media?parent=3095"}],"wp:term":[{"taxonomy":"product_brand","embeddable":true,"href":"https:\/\/www.stepman.is\/de\/wp-json\/wp\/v2\/product_brand?post=3095"},{"taxonomy":"product_cat","embeddable":true,"href":"https:\/\/www.stepman.is\/de\/wp-json\/wp\/v2\/product_cat?post=3095"},{"taxonomy":"product_tag","embeddable":true,"href":"https:\/\/www.stepman.is\/de\/wp-json\/wp\/v2\/product_tag?post=3095"}],"curies":[{"name":"wp","href":"https:\/\/api.w.org\/{rel}","templated":true}]}}