{"id":3184,"date":"2023-12-10T21:28:04","date_gmt":"2023-12-10T21:28:04","guid":{"rendered":"https:\/\/www.stepman.is\/tours\/rundwanderung-ueber-die-skalatindar\/"},"modified":"2024-03-03T21:08:14","modified_gmt":"2024-03-03T21:08:14","slug":"rundwanderung-ueber-die-skalatindar","status":"publish","type":"product","link":"https:\/\/www.stepman.is\/de\/tours\/rundwanderung-ueber-die-skalatindar\/","title":{"rendered":"Rundwanderung \u00fcber die Sk\u00e1latindar"},"content":{"rendered":"<div id='revolutionslider_1'  class='avia-layerslider avia-revolutionslider main_color avia-shadow  avia-builder-el-0  el_before_av_heading  avia-builder-el-first   container_wrap sidebar_right'  >\n\t\t\t\t<p class=\"rs-p-wp-fix\"><\/p>\n\t\t\t\t<sr7-module data-alias=\"skalatindar\" data-id=\"22\" id=\"SR7_22_1\" class=\"rs-ov-hidden\" data-version=\"6.7.51\">\n\t\t\t\t\t<sr7-adjuster><\/sr7-adjuster>\n\t\t\t\t\t<sr7-content>\n\t\t\t\t\t\t<sr7-slide id=\"SR7_22_1-35\" data-key=\"35\">\n\t\t\t\t\t\t\t<sr7-bg id=\"SR7_22_1-35-2\" class=\"sr7-layer\"><noscript><img decoding=\"async\" src=\"https:\/\/www.stepman.is\/wp-content\/uploads\/2021\/04\/dji_0013-1500x1125.jpg\" alt=\"\" title=\"\"><\/noscript><\/sr7-bg>\n\t\t\t\t\t\t\t<sr7-txt id=\"SR7_22_1-35-1\" class=\"sr7-layer\">The Sk\u00e1latindar Loop<\/sr7-txt>\n\t\t\t\t\t\t<\/sr7-slide>\n\t\t\t\t\t\t<sr7-slide id=\"SR7_22_1-36\" data-key=\"36\">\n\t\t\t\t\t\t\t<sr7-bg id=\"SR7_22_1-36-2\" class=\"sr7-layer\"><noscript><img decoding=\"async\" src=\"https:\/\/www.stepman.is\/wp-content\/uploads\/2021\/04\/dji_0043-1500x1125.jpg\" alt=\"\" title=\"\"><\/noscript><\/sr7-bg>\n\t\t\t\t\t\t\t<sr7-txt id=\"SR7_22_1-36-1\" class=\"sr7-layer\">A great hike in summer<br \/>\n... even better in winter!<\/sr7-txt>\n\t\t\t\t\t\t<\/sr7-slide>\n\t\t\t\t\t\t<sr7-slide id=\"SR7_22_1-37\" data-key=\"37\">\n\t\t\t\t\t\t\t<sr7-bg id=\"SR7_22_1-37-2\" class=\"sr7-layer\"><noscript><img decoding=\"async\" src=\"https:\/\/www.stepman.is\/wp-content\/uploads\/2021\/04\/dji_0079-1-1500x844.jpg\" alt=\"\" title=\"\"><\/noscript><\/sr7-bg>\n\t\t\t\t\t\t\t<sr7-txt id=\"SR7_22_1-37-1\" class=\"sr7-layer\">Amazing views<br \/>\nover Hornafj\u00f6r\u00f0ur<\/sr7-txt>\n\t\t\t\t\t\t<\/sr7-slide>\n\t\t\t\t\t\t<sr7-slide id=\"SR7_22_1-38\" data-key=\"38\">\n\t\t\t\t\t\t\t<sr7-bg id=\"SR7_22_1-38-2\" class=\"sr7-layer\"><noscript><img decoding=\"async\" src=\"https:\/\/www.stepman.is\/wp-content\/uploads\/2021\/04\/dji_0078-2-1-1500x844.jpg\" alt=\"\" title=\"\"><\/noscript><\/sr7-bg>\n\t\t\t\t\t\t\t<sr7-txt id=\"SR7_22_1-38-1\" class=\"sr7-layer\">A great hike<br \/>\nin a wild place.<\/sr7-txt>\n\t\t\t\t\t\t<\/sr7-slide>\n\t\t\t\t\t\t<sr7-slide id=\"SR7_22_1-39\" data-key=\"39\">\n\t\t\t\t\t\t\t<sr7-bg id=\"SR7_22_1-39-2\" class=\"sr7-layer\"><noscript><img decoding=\"async\" src=\"https:\/\/www.stepman.is\/wp-content\/uploads\/2020\/05\/img_6297-1500x1125.jpg\" alt=\"\" title=\"\"><\/noscript><\/sr7-bg>\n\t\t\t\t\t\t\t<sr7-txt id=\"SR7_22_1-39-1\" class=\"sr7-layer\">This tour starts and ends<br \/>\ndirecty at our farm!<\/sr7-txt>\n\t\t\t\t\t\t<\/sr7-slide>\n\t\t\t\t\t\t<sr7-slide id=\"SR7_22_1-51\" data-key=\"51\">\n\t\t\t\t\t\t<\/sr7-slide>\n\t\t\t\t\t<\/sr7-content>\n\t\t\t\t\t<image_lists style=\"display:none\">\n\t\t\t\t\t\t<img data-src=\"\/\/www.stepman.is\/wp-content\/uploads\/2021\/04\/dji_0013-1500x1125.jpg\" data-libid=\"3118\" data-lib=\"medialibrary\" width=\"0\" height=\"0\" data-dbsrc=\"Ly93d3cuc3RlcG1hbi5pcy93cC1jb250ZW50L3VwbG9hZHMvMjAyMS8wNC9kamlfMDAxMy0xNTAweDExMjUuanBn\"\/>\n\t\t\t\t\t\t<img data-src=\"\/\/www.stepman.is\/wp-content\/uploads\/2021\/04\/dji_0043-1500x1125.jpg\" data-libid=\"3128\" data-lib=\"medialibrary\" width=\"0\" height=\"0\" data-dbsrc=\"Ly93d3cuc3RlcG1hbi5pcy93cC1jb250ZW50L3VwbG9hZHMvMjAyMS8wNC9kamlfMDA0My0xNTAweDExMjUuanBn\"\/>\n\t\t\t\t\t\t<img data-src=\"\/\/www.stepman.is\/wp-content\/uploads\/2021\/04\/dji_0079-1-1500x844.jpg\" data-libid=\"3138\" data-lib=\"medialibrary\" width=\"0\" height=\"0\" data-dbsrc=\"Ly93d3cuc3RlcG1hbi5pcy93cC1jb250ZW50L3VwbG9hZHMvMjAyMS8wNC9kamlfMDA3OS0xLTE1MDB4ODQ0LmpwZw==\"\/>\n\t\t\t\t\t\t<img data-src=\"\/\/www.stepman.is\/wp-content\/uploads\/2021\/04\/dji_0078-2-1-1500x844.jpg\" data-libid=\"3136\" data-lib=\"medialibrary\" width=\"0\" height=\"0\" data-dbsrc=\"Ly93d3cuc3RlcG1hbi5pcy93cC1jb250ZW50L3VwbG9hZHMvMjAyMS8wNC9kamlfMDA3OC0yLTEtMTUwMHg4NDQuanBn\"\/>\n\t\t\t\t\t\t<img data-src=\"\/\/www.stepman.is\/wp-content\/uploads\/2020\/05\/img_6297-1500x1125.jpg\" data-libid=\"3108\" data-lib=\"medialibrary\" width=\"0\" height=\"0\" data-dbsrc=\"Ly93d3cuc3RlcG1hbi5pcy93cC1jb250ZW50L3VwbG9hZHMvMjAyMC8wNS9pbWdfNjI5Ny0xNTAweDExMjUuanBn\"\/>\n\t\t\t\t\t<\/image_lists>\n\t\t\t\t<\/sr7-module>\n\t\t\t\t<script>\n\t\t\t\t\twindow.SR7 ??={};SR7.PMH ??={}; SR7.PMH[\"SR7_22_1\"] = {cn:100,state:false,fn: function() { if (window._tpt!==undefined && window._tpt.prepareModuleHeight !== undefined) {  _tpt.prepareModuleHeight({id:\"SR7_22_1\",el:[800,800,800,960,720],type:'standard',shdw:'0',gh:[800,800,800,960,720],gw:[1240,1240,1240,778,480],vpt:['100px&#039;,&#039;100px&#039;,&#039;100px&#039;,&#039;100px&#039;,&#039;100px'],size:{fullWidth:true, fullHeight:false},mh:'0',onh:0,onw:0,bg:{color:'{\"orig\":\"transparent\",\"type\":\"solid\",\"string\":\"transparent\"}'}});   SR7.PMH[\"SR7_22_1\"].state=true;} else if(SR7.PMH[\"SR7_22_1\"].cn-->0)\tsetTimeout( SR7.PMH[\"SR7_22_1\"].fn,19);}};SR7.PMH[\"SR7_22_1\" ].fn();\n\t\t\t\t<\/script>\n<\/div><div id='after_revolutionslider_1'  class='main_color av_default_container_wrap container_wrap sidebar_right'  ><div class='container av-section-cont-open' ><div class='template-page content  av-content-small alpha units'><div class='post-entry post-entry-type-page post-entry-3184'><div class='entry-content-wrapper clearfix'>\n\n<style type=\"text\/css\" data-created_by=\"avia_inline_auto\" id=\"style-css-av-lpprb7qa-cb41cb8f97b5e7bab8e0c424b969f091\">\n#top .av-special-heading.av-lpprb7qa-cb41cb8f97b5e7bab8e0c424b969f091{\npadding-bottom:10px;\n}\nbody .av-special-heading.av-lpprb7qa-cb41cb8f97b5e7bab8e0c424b969f091 .av-special-heading-tag .heading-char{\nfont-size:25px;\n}\n.av-special-heading.av-lpprb7qa-cb41cb8f97b5e7bab8e0c424b969f091 .av-subheading{\nfont-size:15px;\n}\n<\/style>\n<div  class='av-special-heading av-lpprb7qa-cb41cb8f97b5e7bab8e0c424b969f091 av-special-heading-h1  avia-builder-el-1  el_after_av_revolutionslider  el_before_av_two_third  avia-builder-el-first '><h1 class='av-special-heading-tag '  itemprop=\"headline\"  >Rundwanderung \u00fcber die Sk\u00e1latindar<\/h1><div class=\"special-heading-border\"><div class=\"special-heading-inner-border\"><\/div><\/div><\/div>\n<div  class='flex_column av-45mvi-8a17d4dc0af03cca3913c97ed8f8b9f8 av_two_third  avia-builder-el-2  el_after_av_heading  el_before_av_one_third  first flex_column_div  '     ><section  class='av_textblock_section av-wznpa-482016dbe8c3cd2141f08d9821e8acb2 '   itemscope=\"itemscope\" itemtype=\"https:\/\/schema.org\/CreativeWork\" ><div class='avia_textblock'  itemprop=\"text\" ><p>Eine \u00dcberquerung der Sk\u00e1latindar bietet einzigartige Aussichten \u00fcber den Hornafj\u00f6r\u00f0ur und auf den Vatnaj\u00f6kull. Auf dieser Rundwanderung folgen wir dem Bergkamm zwishen Berg\u00e1rdalur und Almannaskar\u00f0 &#8211; eine faszinierende Region, die trotz ihrer N\u00e4he zur Ringstra\u00dfe und H\u00f6fn nur selten erwandert wird.<\/p>\n<p>Ausgehend von unserem Hof Dynjandi, beginnen wir die Wanderung am Fu\u00df der Berge. Etwa eine halbe Stunde lange ist der Weg eben und f\u00fchrt unser unsere Felder und Reitwege. Danach gibt es eine gute Aufw\u00e4rmrunde f\u00fcr die n\u00e4chsten, steileren Abschnitte &#8211; nun geht es auf der alten Pa\u00dfstra\u00dfe mit bis zu 17% Steigung hinauf auf den Almannaskar\u00f0. Auf dem Pa\u00df angekommen, umkreisen wir den Skar\u00f0stindur, und folgem dem F\u00e6ridalur bergauf in Richtung Sk\u00e1latindur.<\/p>\n<p>Mit jedem gewonnenen H\u00f6henmeter er\u00f6ffnet sich zunehmend das Panorama unter uns, und erlaubt uns gro\u00dfartige Aussichten auf die Fjordlandschaft und den m\u00e4chtigen Vatnaj\u00f6kull in der Ferne. Die Besteigung des Gipfels des Sk\u00e1latindur ist optional und abh\u00e4ngig von den Bedingungen (im Winter mitunter vereist und gef\u00e4hrlich); der weitere Weg quert unterhalb der Gipfelpyramide, wo die umliegenden H\u00e4nge einen Kessel formen der Ytri-Sk\u00e1l genannt wird. Nun durchqueren wir diesen Kessel und steigen \u00fcber seinen Rand in den Innri-Sk\u00e1l, welcher direkt oberhalb unseres Hofes liegt. Eine vorsichtige Ann\u00e4herung an den Rand erlaubt &#8211; zumindest jenen von uns, die nicht unter H\u00f6henangst leiden &#8211; einen gro\u00dfartigen Tiefblick hinuter auf unseren Ausgangspunkt.<\/p>\n<p>Nun geht es noch ein letztes Mal auf losem Ger\u00f6ll bergauf, aus dem Innri-Sk\u00e1l in die Efri-Botnar. Nun wandern wir auf mal steileren, mal sanfteren H\u00e4ngen hinunter Richtung Sl\u00e9ttidalur und Berg\u00e1rfoss. An diesem Wasserfall angekommen, sind wir zur\u00fcck auf Meeresh\u00f6he und wandern nun &#8211; wie anfangs weitgehend eben und auf Feld- und Reitwegen &#8211; zur\u00fcck zu unserem Hof.<\/p>\n<p>Obwohl diese Wanderung technisch nicht allzu anspruchsvoll ist, sind einige Abschnitte doch etwas steiler und erfordern gerade im losen Ger\u00f6ll gutes Schuhwerk und ausreichende Fitness. In Herbst, Winter und Fr\u00fchjahr sind gerade die h\u00f6heren Abschnitte der Wanderung oft mit Schnee und Eis bedeckt. Dadurch werden diese Abschnitte etwas schwieriger, und erfordern die Benutzung von Microspikes oder Steigeisen (werden bei Bedarf bereitgestellt).<\/p>\n<\/div><\/section><\/div>\n<div  class='flex_column av-psizy-6fbd5e04a6b114e13209113e6344cc9e av_one_third  avia-builder-el-4  el_after_av_two_third  el_before_av_product_button  flex_column_div  '     ><section  class='av_textblock_section av-ilafq-2dd06c4ac8e68b8eed380f46a51b2937 '   itemscope=\"itemscope\" itemtype=\"https:\/\/schema.org\/CreativeWork\" ><div class='avia_textblock'  itemprop=\"text\" ><h3>Kurz gefasst<\/h3>\n<ul>\n<li>Tages-Rundwanderung ab\/bis unserem Hof <a href=\"https:\/\/www.dynjandi.com\/\">Dynjandi<\/a><\/li>\n<li>Einzigartige Aussichten \u00fcber die Fjorde und Vatnaj\u00f6kull<\/li>\n<li>Ganzj\u00e4hrig m\u00f6glich<\/li>\n<li>Mittelschweres Gel\u00e4nde<\/li>\n<li>Im Sommer etwa 5-6 Stunden<\/li>\n<li>Anstrengender und etwa 7 Stunden im Winter<\/li>\n<\/ul>\n<\/div><\/section><\/div>\n<div class='av-woo-purchase-button av-f2j5y-33d49eb0125ed343caaf6c15ea010277  avia-builder-el-6  el_after_av_one_third  el_before_av_textblock '><p class=\"price\">ab <span class=\"woocommerce-Price-amount amount\"><bdi>24.000&nbsp;<span class=\"woocommerce-Price-currencySymbol\">kr.<\/span><\/bdi><\/span><\/p>\n<noscript>Ihr Browser muss Javascript unterst\u00fctzen um die Buchung auszuf\u00fchren.<\/noscript>\n\n<form class=\"cart\" method=\"post\" enctype='multipart\/form-data' data-nonce=\"3fcf7eeb2a\">\n\n\t<div id=\"wc-bookings-booking-form\" class=\"wc-bookings-booking-form\" style=\"display:none\">\n\n\t\t\n\t\t<div class=\"form-field form-field-wide wc_bookings_field_persons_3185\">\n\t<label for=\"wc_bookings_field_persons_3185\">Erwachsene (14+):<\/label>\n\t<input\n\t\ttype=\"number\"\n\t\tvalue=\"1\"\n\t\tstep=\"1\"\n\t\tmin=\"1\"\n\t\tmax=\"10\"\n\t\tname=\"wc_bookings_field_persons_3185\"\n\t\tid=\"wc_bookings_field_persons_3185\"\n\t\t\/> <\/div>\n<fieldset class=\"wc-bookings-date-picker wc-bookings-date-picker-booking wc_bookings_field_start_date\">\n\t<div class=\"picker\" data-display=\"always_visible\" data-duration-unit=\"day\" data-default-availability=\"true\" data-min_date=\"+2d\" data-max_date=\"+12m\" data-default_date=\"2027-01-01\" data-is_range_picker_enabled=\"0\"><\/div>\n\n\t\t<div class=\"wc-bookings-date-picker-date-fields\">\n\t\t\n\t\t\t\t<label>\n\t\t\t<input type=\"text\" autocomplete=\"off\" name=\"wc_bookings_field_start_date_day\" placeholder=\"dd\" size=\"2\" class=\"booking_date_day\" \/>\n\t\t\t<span>Tag<\/span>\n\t\t<\/label> \/ <label>\n\t\t\t<input type=\"text\" autocomplete=\"off\" name=\"wc_bookings_field_start_date_month\" placeholder=\"mm\" size=\"2\" class=\"booking_date_month\" \/>\n\t\t\t<span>Monat<\/span>\n\t\t<\/label>\n\t\t \/ <label>\n\t\t\t<input type=\"text\" autocomplete=\"off\" value=\"2026\" name=\"wc_bookings_field_start_date_year\" placeholder=\"YYYY\" size=\"4\" class=\"booking_date_year\" \/>\n\t\t\t<span>Jahr<\/span>\n\t\t<\/label>\n\t<\/div>\n\n\t<\/fieldset>\n\n\t\t<div class=\"wc-bookings-booking-cost price\" style=\"display:none\" data-raw-price=\"\"><\/div>\n\n\t<\/div>\n\n\t<div class=\"wc-pao-addons-container\">\n<div id=\"wc-pao-addon-3184-1700474664\" class=\"wc-pao-addon-container  wc-pao-addon wc-pao-addon-3184-1700474664 wc-pao-addon-id-1700474664 \" data-product-name=\"Rundwanderung \u00fcber die Sk\u00e1latindar\" data-product-tax-status=\"taxable\" >\n\t\n\t\n\t\t\t\t\t\t\t\t\t\t\t\t\t\t\t\t\t\t<label for=\"addon-3184-1700474664\" class=\"wc-pao-addon-name\" data-addon-name=\"Donate to ICE-SAR\" data-has-per-person-pricing=\"\" data-has-per-block-pricing=\"\">\n\t\t\t\t\t\t\tDonate to ICE-SAR\t\t\t\t\t\t\t\t\t\t\t\t\t\t\t\t\t\t\t\t<\/label>\n\t\t\t\t\t\t\t\t\t\t\t\t\t<div class=\"wc-pao-addon-description\" id=\"wc-pao-description-3184-1700474664\"><p>Add a donation to the <a href=\"http:\/\/www.icesar.com\" target=\"_blank\" rel=\"noopener\">Icelandic Association for Search &amp; Rescue<\/a>. I will match your donation with the same amount &#8211; so if you select ISK 2.500, I will add another 2.500 for a total donation of ISK 5.000 (<a target=\"_blank\" href=\"https:\/\/www.stepman.is\/2023\/11\/19\/supporting-icelandic-search-rescue\/\" rel=\"noopener\">see here for details<\/a>).<\/p>\n<\/div>\t\n\t<div class=\"form-row form-row-wide wc-pao-addon-wrap wc-pao-addon-3184-1700474664\">\n\t<select\n\t\tclass=\"wc-pao-addon-field wc-pao-addon-select\"\n\t\tname=\"addon-3184-1700474664\"\n\t\tid=\"addon-3184-1700474664\"\n\t\tdata-restrictions=\"[]\"\n\t\t\t\taria-describedby=\"wc-pao-description-3184-1700474664\"\t\t>\n\n\t\t\t\t\t<option value=\"\">Keins<\/option>\n\t\t\n\t\t\t\t\t<option\n\t\t\t\t\t\t\t\tdata-raw-price=\"100\"\n\t\t\t\tdata-price=\"100\"\n\t\t\t\tdata-price-type=\"flat_fee\"\n\t\t\t\tvalue=\"isk-100-1\"\n\t\t\t\tdata-label=\"ISK 100\"\n\t\t\t>\n\t\t\t\tISK 100 (+<span class=\"woocommerce-Price-amount amount\">100&nbsp;<span class=\"woocommerce-Price-currencySymbol\">kr.<\/span><\/span>)\t\t\t<\/option>\n\t\t\t\t\t<option\n\t\t\t\t\t\t\t\tdata-raw-price=\"250\"\n\t\t\t\tdata-price=\"250\"\n\t\t\t\tdata-price-type=\"flat_fee\"\n\t\t\t\tvalue=\"isk-250-2\"\n\t\t\t\tdata-label=\"ISK 250\"\n\t\t\t>\n\t\t\t\tISK 250 (+<span class=\"woocommerce-Price-amount amount\">250&nbsp;<span class=\"woocommerce-Price-currencySymbol\">kr.<\/span><\/span>)\t\t\t<\/option>\n\t\t\t\t\t<option\n\t\t\t\t\t\t\t\tdata-raw-price=\"500\"\n\t\t\t\tdata-price=\"500\"\n\t\t\t\tdata-price-type=\"flat_fee\"\n\t\t\t\tvalue=\"isk-500-3\"\n\t\t\t\tdata-label=\"ISK 500\"\n\t\t\t>\n\t\t\t\tISK 500 (+<span class=\"woocommerce-Price-amount amount\">500&nbsp;<span class=\"woocommerce-Price-currencySymbol\">kr.<\/span><\/span>)\t\t\t<\/option>\n\t\t\t\t\t<option\n\t\t\t\t\t\t\t\tdata-raw-price=\"1000\"\n\t\t\t\tdata-price=\"1000\"\n\t\t\t\tdata-price-type=\"flat_fee\"\n\t\t\t\tvalue=\"isk-1-000-4\"\n\t\t\t\tdata-label=\"ISK 1.000\"\n\t\t\t>\n\t\t\t\tISK 1.000 (+<span class=\"woocommerce-Price-amount amount\">1.000&nbsp;<span class=\"woocommerce-Price-currencySymbol\">kr.<\/span><\/span>)\t\t\t<\/option>\n\t\t\t\t\t<option\n\t\t\t\t\t\t\t\tdata-raw-price=\"2500\"\n\t\t\t\tdata-price=\"2500\"\n\t\t\t\tdata-price-type=\"flat_fee\"\n\t\t\t\tvalue=\"isk-2-500-5\"\n\t\t\t\tdata-label=\"ISK 2.500\"\n\t\t\t>\n\t\t\t\tISK 2.500 (+<span class=\"woocommerce-Price-amount amount\">2.500&nbsp;<span class=\"woocommerce-Price-currencySymbol\">kr.<\/span><\/span>)\t\t\t<\/option>\n\t\t\t\t\t<option\n\t\t\t\t\t\t\t\tdata-raw-price=\"5000\"\n\t\t\t\tdata-price=\"5000\"\n\t\t\t\tdata-price-type=\"flat_fee\"\n\t\t\t\tvalue=\"isk-5-000-6\"\n\t\t\t\tdata-label=\"ISK 5.000\"\n\t\t\t>\n\t\t\t\tISK 5.000 (+<span class=\"woocommerce-Price-amount amount\">5.000&nbsp;<span class=\"woocommerce-Price-currencySymbol\">kr.<\/span><\/span>)\t\t\t<\/option>\n\t\t\t\t\t<option\n\t\t\t\t\t\t\t\tdata-raw-price=\"10000\"\n\t\t\t\tdata-price=\"10000\"\n\t\t\t\tdata-price-type=\"flat_fee\"\n\t\t\t\tvalue=\"isk-10-000-7\"\n\t\t\t\tdata-label=\"ISK 10.000\"\n\t\t\t>\n\t\t\t\tISK 10.000 (+<span class=\"woocommerce-Price-amount amount\">10.000&nbsp;<span class=\"woocommerce-Price-currencySymbol\">kr.<\/span><\/span>)\t\t\t<\/option>\n\t\t\t<\/select>\n<\/div>\n<\/div>\n\n<div id=\"product-addons-total\" data-show-incomplete-sub-total=\"1\" data-show-sub-total=\"1\" data-type=\"booking\" data-tax-mode=\"incl\" data-tax-display-mode=\"incl\" data-price=\"24000\" data-raw-price=\"24000\" data-product-id=\"3184\"><\/div><div class=\"validation_message woocommerce-info\" id=\"required_addons_validation_message\"><\/div><\/div>\n\t<input type=\"hidden\" name=\"add-to-cart\" value=\"3184\" class=\"wc-booking-product-id\" \/>\n\n\t<button type=\"submit\" class=\"wc-bookings-booking-form-button single_add_to_cart_button button alt disabled\" style=\"display:none\">jetzt buchen<\/button>\n\t<input type=\"hidden\" id=\"min_date\" name=\"min_date\" value=\"0\"\/>\n\t<input type=\"hidden\" id=\"max_date\" name=\"max_date\" value=\"0\"\/>\n\t<input type=\"hidden\" id=\"timezone_offset\" name=\"timezone_offset\" value=\"0\"\/>\n\n\n<\/form>\n\n<div class=\"product_meta\">\n\n\t\n\t\n\t<span class=\"posted_in\">Kategorien: <a href=\"https:\/\/www.stepman.is\/de\/product-category\/touren\/hochtouren\/\" rel=\"tag\">Hochtouren und Gipfelbesteigungen<\/a>, <a href=\"https:\/\/www.stepman.is\/de\/product-category\/touren\/tagestouren\/\" rel=\"tag\">Tagestouren<\/a><\/span>\n\t\n\t\n<\/div>\n<\/div>\n<section  class='av_textblock_section av-7z7t2-3f4304cd71296a5670e5164a830a8055 '   itemscope=\"itemscope\" itemtype=\"https:\/\/schema.org\/CreativeWork\" ><div class='avia_textblock'  itemprop=\"text\" ><h2>BEN\u00d6TIGTE AUSR\u00dcSTUNG<\/h2>\n<ul class=\"circle\">\n<li>Gute <a href=\"https:\/\/www.stepman.is\/what-to-wear\/\">Outdoor-Bekleidung<\/a> (auch bei strahlendem Sonnenschein die Regenjacke nicht vergessen!)<\/li>\n<li>Gute Wanderschuhe sehr empfehlenswert (im Winter optimalerweise Kategorie B1\/B2 &#8211; bedingt steigeisenfest)<\/li>\n<li>Im Sommer sind auch weichere Schuhe tauglich. Achtung auf guten Kn\u00f6chelschutz, Trail-Laufschuhe nur bei sehr guter Trittsicherheit im losen Ger\u00f6ll!<\/li>\n<li>Ausreichend Snacks f\u00fcr eine Tagestour<\/li>\n<li>Eine Thermoskanne mit Tee im Winter. Im Sommer ist eine kleinere Wasserflasche ausreichend, die wir diese an diversen Wasserf\u00e4llen auff\u00fcllen k\u00f6nnen.<\/li>\n<li>Wanderst\u00f6cke sind oft eine gro\u00dfe Hilfe im losen Ger\u00f6ll<\/li>\n<li>Kamera oder Smartphone f\u00fcr Fotos \ud83d\ude42<\/li>\n<\/ul>\n<\/div><\/section>\n","protected":false},"excerpt":{"rendered":"<p>Eine wundersch\u00f6ne Wanderung \u00fcber unsere Hausberge! Eine \u00dcberquerung der Sk\u00e1latindar bietet einzigartige Aussichten \u00fcber den Hornafj\u00f6r\u00f0ur und auf den Vatnaj\u00f6kull.<\/p>\n","protected":false},"featured_media":3127,"comment_status":"closed","ping_status":"closed","template":"","meta":[],"product_brand":[],"product_cat":[100,106],"product_tag":[],"class_list":{"0":"post-3184","1":"product","2":"type-product","3":"status-publish","4":"has-post-thumbnail","6":"product_cat-hochtouren","7":"product_cat-tagestouren","9":"first","10":"instock","11":"virtual","12":"sold-individually","13":"taxable","14":"purchasable","15":"product-type-booking"},"booking_location":"","booking_location_type":"","booking_duration":1,"booking_duration_unit":"day","booking_buffer":0,"booking_cost":0,"booking_resources":[2745],"exclude_global_add_ons":false,"addons":[{"name":"Donate to ICE-SAR","type":"multiple_choice","position":0,"required":false,"title_format":"label","default":"","description_enable":true,"description":"Add a donation to the <a href=\"http:\/\/www.icesar.com\" target=\"_blank\">Icelandic Association for Search &amp; Rescue<\/a>. I will match your donation with the same amount - so if you select ISK 2.500, I will add another 2.500 for a total donation of ISK 5.000 (<a target=\"_blank\" href=\"https:\/\/www.stepman.is\/2023\/11\/19\/supporting-icelandic-search-rescue\/\">see here for details<\/a>).","placeholder_enable":false,"placeholder":"","display":"select","restrictions_type":"any_text","adjust_price":false,"price":"","price_type":"flat_fee","restrictions":false,"min":"0","max":"0","options":[{"label":"ISK 100","price":"100","price_type":"flat_fee","image":0,"visibility":true},{"label":"ISK 250","price":"250","price_type":"flat_fee","image":0,"visibility":true},{"label":"ISK 500","price":"500","price_type":"flat_fee","image":0,"visibility":true},{"label":"ISK 1.000","price":"1000","price_type":"flat_fee","image":0,"visibility":true},{"label":"ISK 2.500","price":"2500","price_type":"flat_fee","image":0,"visibility":true},{"label":"ISK 5.000","price":"5000","price_type":"flat_fee","image":0,"visibility":true},{"label":"ISK 10.000","price":"10000","price_type":"flat_fee","image":0,"visibility":true}],"id":1700474664}],"jetpack_sharing_enabled":true,"_links":{"self":[{"href":"https:\/\/www.stepman.is\/de\/wp-json\/wp\/v2\/product\/3184","targetHints":{"allow":["GET"]}}],"collection":[{"href":"https:\/\/www.stepman.is\/de\/wp-json\/wp\/v2\/product"}],"about":[{"href":"https:\/\/www.stepman.is\/de\/wp-json\/wp\/v2\/types\/product"}],"replies":[{"embeddable":true,"href":"https:\/\/www.stepman.is\/de\/wp-json\/wp\/v2\/comments?post=3184"}],"wp:featuredmedia":[{"embeddable":true,"href":"https:\/\/www.stepman.is\/de\/wp-json\/wp\/v2\/media\/3127"}],"wp:attachment":[{"href":"https:\/\/www.stepman.is\/de\/wp-json\/wp\/v2\/media?parent=3184"}],"wp:term":[{"taxonomy":"product_brand","embeddable":true,"href":"https:\/\/www.stepman.is\/de\/wp-json\/wp\/v2\/product_brand?post=3184"},{"taxonomy":"product_cat","embeddable":true,"href":"https:\/\/www.stepman.is\/de\/wp-json\/wp\/v2\/product_cat?post=3184"},{"taxonomy":"product_tag","embeddable":true,"href":"https:\/\/www.stepman.is\/de\/wp-json\/wp\/v2\/product_tag?post=3184"}],"curies":[{"name":"wp","href":"https:\/\/api.w.org\/{rel}","templated":true}]}}